{"id":16134,"date":"2023-05-12T15:56:09","date_gmt":"2023-05-12T13:56:09","guid":{"rendered":"https:\/\/www.creps-bordeaux.fr\/feedback-on-the-questionnaire-creps-x-talence\/"},"modified":"2025-04-21T10:40:01","modified_gmt":"2025-04-21T08:40:01","slug":"feedback-on-the-questionnaire-creps-x-talence","status":"publish","type":"page","link":"https:\/\/www.creps-bordeaux.fr\/en\/feedback-on-the-questionnaire-creps-x-talence\/","title":{"rendered":"Feedback on the questionnaire | CREPS x Talence"},"content":{"rendered":"<p>[et_pb_section fb_built=&#8221;1&#8243; custom_padding_last_edited=&#8221;on|phone&#8221; _builder_version=&#8221;4.17.6&#8243; _module_preset=&#8221;default&#8221; background_color=&#8221;#FFFFFF&#8221; background_image=&#8221;https:\/\/www.creps-bordeaux.fr\/wp-content\/uploads\/2021\/06\/60.png&#8221; custom_padding=&#8221;||0px||false|false&#8221; custom_padding_tablet=&#8221;&#8221; custom_padding_phone=&#8221;0px||||false|false&#8221; background_last_edited=&#8221;on|phone&#8221; background_image_phone=&#8221;https:\/\/www.creps-bordeaux.fr\/wp-content\/uploads\/2021\/12\/fond-coeur-jaune-mobile-min.webp&#8221; background_enable_image_phone=&#8221;on&#8221; background_size_phone=&#8221;cover&#8221; da_disable_devices=&#8221;off|off|off&#8221; locked=&#8221;off&#8221; global_colors_info=&#8221;{}&#8221; da_is_popup=&#8221;off&#8221; da_exit_intent=&#8221;off&#8221; da_has_close=&#8221;on&#8221; da_alt_close=&#8221;off&#8221; da_dark_close=&#8221;off&#8221; da_not_modal=&#8221;on&#8221; da_is_singular=&#8221;off&#8221; da_with_loader=&#8221;off&#8221; da_has_shadow=&#8221;on&#8221;][et_pb_row _builder_version=&#8221;4.21.0&#8243; _module_preset=&#8221;default&#8221; min_height=&#8221;129.8px&#8221; global_colors_info=&#8221;{}&#8221;][et_pb_column type=&#8221;4_4&#8243; _builder_version=&#8221;4.21.0&#8243; _module_preset=&#8221;default&#8221; global_colors_info=&#8221;{}&#8221;][et_pb_text _builder_version=&#8221;4.21.0&#8243; _module_preset=&#8221;default&#8221; text_font=&#8221;marianne regular||||||||&#8221; text_font_size=&#8221;20px&#8221; inline_fonts=&#8221;marianne light&#8221; global_colors_info=&#8221;{}&#8221;]<\/p>\n<h2 style=\"text-align: center;\"><span style=\"color: #005c71;\"><strong>Did you take part in the CREPS Bordeaux questionnaire?<\/strong><\/span><\/h2>\n<p><strong><\/strong><\/p>\n<h3 style=\"text-align: center;\"><span style=\"font-family: marianne light; font-size: large;\"><strong>Find out the answers.<\/strong><\/span><strong><\/strong><\/h3>\n<p><strong><\/strong><\/p>\n<p>[\/et_pb_text][\/et_pb_column][\/et_pb_row][\/et_pb_section][et_pb_section fb_built=&#8221;1&#8243; _builder_version=&#8221;4.20.4&#8243; _module_preset=&#8221;default&#8221; min_height=&#8221;582.5px&#8221; custom_padding=&#8221;0px||0px|||&#8221; da_disable_devices=&#8221;off|off|off&#8221; global_colors_info=&#8221;{}&#8221; da_is_popup=&#8221;off&#8221; da_exit_intent=&#8221;off&#8221; da_has_close=&#8221;on&#8221; da_alt_close=&#8221;off&#8221; da_dark_close=&#8221;off&#8221; da_not_modal=&#8221;on&#8221; da_is_singular=&#8221;off&#8221; da_with_loader=&#8221;off&#8221; da_has_shadow=&#8221;on&#8221;][et_pb_row _builder_version=&#8221;4.21.0&#8243; _module_preset=&#8221;default&#8221; global_colors_info=&#8221;{}&#8221; custom_padding=&#8221;||0px|||&#8221;][et_pb_column type=&#8221;4_4&#8243; _builder_version=&#8221;4.21.0&#8243; _module_preset=&#8221;default&#8221; global_colors_info=&#8221;{}&#8221;][et_pb_text _builder_version=&#8221;4.21.0&#8243; _module_preset=&#8221;default&#8221; text_font=&#8221;marianne regular||||||||&#8221; text_font_size=&#8221;20px&#8221; global_colors_info=&#8221;{}&#8221;]<\/p>\n<h4 style=\"text-align: center;\"><span style=\"font-size: x-large; color: #005c71;\"><strong>Do you know CREPS?<\/strong><\/span><\/h4>\n<p>&nbsp;<\/p>\n<p>\ud83d\udcac Additional information:<\/p>\n<p>Located in Talence, the Bordeaux CREPS (Centre de Ressources, d&#8217;Expertise et de Performance Sportives) is a public establishment dedicated to expertise and sports performance. Its core business is threefold: <\/p>\n<ul>\n<li>Support for top-level athletes. To this end, it welcomes 420 athletes a year, with an average age of 16\/17, to 23 centers, including a federal center for the disabled. <\/li>\n<li>Training for 890 adults wishing to become sports instructors (e.g. lifeguards, sports coaches, rugby trainers, etc.) in 60 training sessions a year.<\/li>\n<li>Hosting French top-level sports teams and foreign federations who wish to use the CREPS facilities (sports halls, weight rooms, restaurant, accommodation, etc.).<\/li>\n<\/ul>\n<p>The CREPS also has a branch in Soustons in the Landes department, dedicated to training.<\/p>\n<p>&nbsp;<\/p>\n<p>[\/et_pb_text][\/et_pb_column][\/et_pb_row][et_pb_row column_structure=&#8221;1_2,1_2&#8243; _builder_version=&#8221;4.21.0&#8243; _module_preset=&#8221;default&#8221; global_colors_info=&#8221;{}&#8221; min_height=&#8221;88.6px&#8221;][et_pb_column type=&#8221;1_2&#8243; _builder_version=&#8221;4.21.0&#8243; _module_preset=&#8221;default&#8221; global_colors_info=&#8221;{}&#8221;][et_pb_button button_url=&#8221;https:\/\/www.creps-bordeaux.fr\/presentation-du-creps\/&#8221; url_new_window=&#8221;on&#8221; button_text=&#8221;Discover CREPS&#8221; button_alignment=&#8221;center&#8221; _builder_version=&#8221;4.21.0&#8243; _module_preset=&#8221;default&#8221; custom_button=&#8221;on&#8221; button_text_size=&#8221;18px&#8221; button_text_color=&#8221;#005C71&#8243; button_bg_color=&#8221;#F7CD6E&#8221; button_border_color=&#8221;#F7CD6E&#8221; button_border_radius=&#8221;48px&#8221; button_font=&#8221;marianne regular||||||||&#8221; global_colors_info=&#8221;{}&#8221;][\/et_pb_button][\/et_pb_column][et_pb_column type=&#8221;1_2&#8243; _builder_version=&#8221;4.21.0&#8243; _module_preset=&#8221;default&#8221; global_colors_info=&#8221;{}&#8221;][et_pb_button button_url=&#8221;https:\/\/www.youtube.com\/watch?v=P0D23R7WfAw&#8221; url_new_window=&#8221;on&#8221; button_text=&#8221;Discover Soustons antenna on video&#8221; button_alignment=&#8221;center&#8221; _builder_version=&#8221;4.21.0&#8243; _module_preset=&#8221;default&#8221; custom_button=&#8221;on&#8221; button_text_size=&#8221;18px&#8221; button_text_color=&#8221;#005C71&#8243; button_bg_color=&#8221;#F7CD6E&#8221; button_border_color=&#8221;#F7CD6E&#8221; button_border_radius=&#8221;48px&#8221; button_font=&#8221;marianne regular||||||||&#8221; hover_enabled=&#8221;0&#8243; global_colors_info=&#8221;{}&#8221; sticky_enabled=&#8221;0&#8243;][\/et_pb_button][\/et_pb_column][\/et_pb_row][et_pb_row _builder_version=&#8221;4.21.0&#8243; _module_preset=&#8221;default&#8221;][et_pb_column _builder_version=&#8221;4.21.0&#8243; _module_preset=&#8221;default&#8221; type=&#8221;4_4&#8243;][et_pb_text _builder_version=&#8221;4.21.0&#8243; _module_preset=&#8221;default&#8221; text_font=&#8221;marianne regular||||||||&#8221; text_font_size=&#8221;20px&#8221; hover_enabled=&#8221;0&#8243; global_colors_info=&#8221;{}&#8221; sticky_enabled=&#8221;0&#8243;]<\/p>\n<h4 style=\"text-align: center;\"><span style=\"font-size: x-large; color: #005c71;\"><strong>The CREPS has 18 high-level sports disciplines.  <\/strong><\/span><\/h4>\n<h4 style=\"text-align: center;\"><span style=\"font-size: x-large; color: #005c71;\"><strong>Among those proposed below, only one is not present at the CREPS. Which one is it? <br \/><\/strong><\/span><\/h4>\n<ul><\/ul>\n<p>\ud83d\udc49 Suggested choices :<\/p>\n<ul>\n<li style=\"list-style-type: none;\">\n<ul>\n<li style=\"list-style-type: none;\">\n<ul>\n<li style=\"list-style-type: none;\">\n<ul>\n<li>Baseball<\/li>\n<li>Armchair basketball<\/li>\n<li>BMX<\/li>\n<li>Field Hockey<\/li>\n<li>Sport shooting<\/li>\n<\/ul>\n<\/li>\n<\/ul>\n<\/li>\n<\/ul>\n<\/li>\n<\/ul>\n<p>\ud83d\udcac Answer:<\/p>\n<p>Field Hockey (The CREPS at Wattignies in the Haut de France region is home to the P\u00f4les France Rel\u00e8ve de Hockey sur Gazon F\u00e9minin et Masculin).<\/p>\n<p>The Bordeaux CREPS is home to 18 disciplines within 23 sports centers. These disciplines include : <\/p>\n<p>&nbsp;<\/p>\n<ol>\n<li style=\"list-style-type: none;\">\n<ol>\n<li style=\"list-style-type: none;\">\n<ol>\n<li>Athletics<\/li>\n<li>Handisport athletics<\/li>\n<li>Badminton<\/li>\n<li>Baseball<\/li>\n<li>Armchair basketball<\/li>\n<li>BMX<\/li>\n<li>Cycling<\/li>\n<li>Fencing &#8211; Sabre<\/li>\n<li>Soccer<\/li>\n<li>American Football<\/li>\n<li>Handball<\/li>\n<li>Judo<\/li>\n<li>Modern Pentathlon<\/li>\n<li>Roller<\/li>\n<li>Rugby<\/li>\n<li>Handisport Table Tennis<\/li>\n<li>Sport Shooting<\/li>\n<li>Archery<\/li>\n<\/ol>\n<\/li>\n<\/ol>\n<\/li>\n<\/ol>\n<p>[\/et_pb_text][et_pb_text _builder_version=&#8221;4.21.0&#8243; _module_preset=&#8221;default&#8221; text_font=&#8221;marianne regular||||||||&#8221; text_font_size=&#8221;20px&#8221; hover_enabled=&#8221;0&#8243; global_colors_info=&#8221;{}&#8221; sticky_enabled=&#8221;0&#8243;]<\/p>\n<h4 style=\"text-align: center;\"><span style=\"font-size: x-large; color: #005c71;\"><strong>Which of the Tokyo Olympic medallists were alumni?  <\/strong><\/span><\/h4>\n<h4 style=\"text-align: center;\"><span style=\"font-size: x-large; color: #005c71;\"><strong>residents of the CREPS or who still are?<br \/><\/strong><\/span><\/h4>\n<ul><\/ul>\n<p>\ud83d\udc49 Suggested choices :<\/p>\n<ul>\n<li style=\"list-style-type: none;\">\n<ul>\n<li style=\"list-style-type: none;\">\n<ul>\n<li style=\"list-style-type: none;\">\n<ul>\n<li>Lucas MAZUR, Olympic gold medallist in individual and Olympic silver medallist in mixed doubles, para-badminton.<\/li>\n<li>Earvin NGAPETH, Antoine BRIZARD, Stephen BOYER and Daryl BULTOR, Olympic gold volleyball team champions.<\/li>\n<li>H\u00e9lios LATCHOUMANAYA, Olympic bronze medallist in individual -90kg, para-judo.<\/li>\n<\/ul>\n<\/li>\n<\/ul>\n<\/li>\n<\/ul>\n<\/li>\n<\/ul>\n<p>\ud83d\udcac Answer:<\/p>\n<p>All three.<\/p>\n<p><strong>Lucas MAZUR<\/strong> has been training with the P\u00f4le France de Badminton at CREPS Bordeaux since 2020. He is a three-time world champion in para-badminton (individual), Olympic gold medallist (individual) and Olympic silver medallist (mixed doubles). <\/p>\n<p><strong>Earvin NGAPETH, Antoine BRIZARD, Stephen BOYER and Daryl BULTOR<\/strong>, Olympic gold volleyball team champions, were CREPS residents from 2005 to 2008, 2009 to 2010, 2006 to 2012 and 2010 to 2012 respectively.<\/p>\n<p><strong>H\u00e9lios LATCHOUMANAYA<\/strong>, Olympic bronze medalist in individual -90kg, para- judo, was a resident of the P\u00f4le France Judo from 2016 to 2018. Initially able-bodied, H\u00e9lios&#8217; eyesight deteriorated. He didn&#8217;t give up judo, however, and conquered the tatami in Para-Judo.  <\/p>\n<p>&nbsp;<\/p>\n<p>&nbsp;<\/p>\n<p>[\/et_pb_text][et_pb_text _builder_version=&#8221;4.21.0&#8243; _module_preset=&#8221;default&#8221; text_font=&#8221;marianne regular||||||||&#8221; text_font_size=&#8221;20px&#8221; hover_enabled=&#8221;0&#8243; global_colors_info=&#8221;{}&#8221; sticky_enabled=&#8221;0&#8243;]<\/p>\n<h4 style=\"text-align: center;\"><span style=\"font-size: x-large; color: #005c71;\"><strong>What do the Plaine des Sports in Talence and the CREPS have in common?<\/strong><\/span><span style=\"font-size: x-large; color: #005c71;\"><strong><\/strong><\/span><\/h4>\n<ul><\/ul>\n<p>\ud83d\udc49 Suggested choices :<\/p>\n<ul>\n<li style=\"list-style-type: none;\">\n<ul>\n<li style=\"list-style-type: none;\">\n<ul>\n<li style=\"list-style-type: none;\">\n<ul>\n<li>Talence&#8217;s CREPS and Plaine des Sports are twinned with Trikala in Greece.<\/li>\n<li>The CREPS and the Plaine des Sports in Talence are Preparation Centers for the Olympic and Paralympic Games.<\/li>\n<li>The CREPS and the Plaine des Sports in Talence are listed as a UNESCO World Heritage Site.<\/li>\n<\/ul>\n<\/li>\n<\/ul>\n<\/li>\n<\/ul>\n<\/li>\n<\/ul>\n<p>\ud83d\udcac Answer:<\/p>\n<p>  In 2024, France will welcome more than 14,800 athletes in all disciplines during the Olympic and Paralympic Summer Games. To welcome them, Paris 2024 has decided to bring together the best sports facilities, through a list of Olympic and Paralympic Games preparation centers (CPJ) <\/p>\n<p>The CREPS and the Plaine des Sports de Talence, which includes the Pierre de Coubertin weapons hall, the Henri Deschamps water sports stadium and the Pierre-Paul Bernard stadium, are Olympic and Paralympic Games Preparation Centers.<\/p>\n<p>[\/et_pb_text][et_pb_button button_url=&#8221;https:\/\/www.creps-bordeaux.fr\/centre-de-preparation-aux-jeux-2024\/&#8221; url_new_window=&#8221;on&#8221; button_text=&#8221;CREPS Bordeaux, Centre de Pr\u00e9paration aux Jeux  &#8221; button_alignment=&#8221;center&#8221; _builder_version=&#8221;4.21.0&#8243; _module_preset=&#8221;default&#8221; custom_button=&#8221;on&#8221; button_text_size=&#8221;18px&#8221; button_text_color=&#8221;#005C71&#8243; button_bg_color=&#8221;#F7CD6E&#8221; button_border_color=&#8221;#F7CD6E&#8221; button_border_radius=&#8221;48px&#8221; button_font=&#8221;marianne regular||||||||&#8221; hover_enabled=&#8221;0&#8243; global_colors_info=&#8221;{}&#8221; sticky_enabled=&#8221;0&#8243;][\/et_pb_button][et_pb_text _builder_version=&#8221;4.21.0&#8243; _module_preset=&#8221;default&#8221; text_font=&#8221;marianne regular||||||||&#8221; text_font_size=&#8221;20px&#8221; hover_enabled=&#8221;0&#8243; global_colors_info=&#8221;{}&#8221; sticky_enabled=&#8221;0&#8243;]<\/p>\n<h4 style=\"text-align: center;\"><span style=\"font-size: x-large; color: #005c71;\"><strong><\/strong><\/span><\/h4>\n<p><span style=\"font-size: x-large; color: #005c71;\"><\/span><\/p>\n<h4 style=\"text-align: center;\"><span style=\"font-size: x-large; color: #005c71;\"><strong><\/strong><\/span><\/h4>\n<h4 style=\"text-align: center;\"><span style=\"font-size: x-large; color: #005c71;\"><strong><\/strong><\/span><\/h4>\n<h4 style=\"text-align: center;\"><span style=\"font-size: x-large; color: #005c71;\"><strong>The CREPS is strongly committed to environmental protection and development.  <\/strong><\/span><\/h4>\n<h4 style=\"text-align: center;\"><span style=\"font-size: x-large; color: #005c71;\"><strong>durable. Which of the following statements is\/are true?<\/strong><\/span><span style=\"font-size: x-large; color: #005c71;\"><strong><\/strong><\/span><\/h4>\n<ul><\/ul>\n<p>\ud83d\udc49 Suggested choices :<\/p>\n<ul>\n<li style=\"list-style-type: none;\">\n<ul>\n<li style=\"list-style-type: none;\">\n<ul>\n<li style=\"list-style-type: none;\">\n<ul>\n<li>The CREPS is certified by the French League for the Protection of Birds (LPO).<\/li>\n<li>40% of CREPS employees have a green commute (soft mobility: by bike, public transport and on foot).<\/li>\n<li>The CREPS recovers rainwater, which is used to water the pitches, among other things.<\/li>\n<li>The CREPS restaurant offers a balanced diet and implements anti-gaspi actions.<\/li>\n<\/ul>\n<\/li>\n<\/ul>\n<\/li>\n<\/ul>\n<\/li>\n<\/ul>\n<p>\ud83d\udcac Answer:<\/p>\n<p>Environmental protection is at the heart of our decision-making. In this context, we are taking all necessary steps to :<\/p>\n<ul>\n<li>Create conditions conducive to the settlement of wild flora and fauna. The CREPS has LPO accreditation and works with <a href=\"https:\/\/www.facebook.com\/TalenceBiodiverCite\/?ref=page_internal\">Talence Biodiversit\u00e9<\/a>,<\/li>\n<li>Renounce chemicals (or reduce them as much as possible),<\/li>\n<li>Reduce our impact on the environment (by making reasonable use of natural resources). For over 20 years, the CREPS has been recovering rainwater to water its grassed sports facilities (rugby pitch, soccer pitch, archery field) and BMX facilities,<\/li>\n<li>Reduce waste by sorting and recycling bio-waste,<\/li>\n<li>Optimize the daily mobility of our staff.<\/li>\n<\/ul>\n<p>The restaurant is committed to an environmental approach, offering fresh, &#8220;home-made&#8221; products and a responsible food offer of 70%, including at least 28% organic, 26% sustainable and quality products, and 1.1% fair trade.<\/p>\n<p>&nbsp;<\/p>\n<p>[\/et_pb_text][\/et_pb_column][\/et_pb_row][\/et_pb_section]<\/p>\n","protected":false},"excerpt":{"rendered":"<p>Did you take part in the CREPS Bordeaux questionnaire? Find out the answers. Do you know CREPS? &nbsp; \ud83d\udcac Additional information: Located in Talence, the Bordeaux CREPS (Centre de Ressources, d&#8217;Expertise et de Performance Sportives) is a public establishment dedicated to expertise and sports performance. Its core business is threefold: Support for top-level athletes. To [&hellip;]<\/p>\n","protected":false},"author":3,"featured_media":0,"parent":0,"menu_order":0,"comment_status":"closed","ping_status":"closed","template":"","meta":{"_et_pb_use_builder":"on","_et_pb_old_content":"","_et_gb_content_width":"","inline_featured_image":false,"footnotes":""},"class_list":["post-16134","page","type-page","status-publish","hentry"],"yoast_head":"<!-- This site is optimized with the Yoast SEO plugin v27.5 - https:\/\/yoast.com\/product\/yoast-seo-wordpress\/ -->\n<title>Feedback on the questionnaire | CREPS x Talence - CREPS Bordeaux<\/title>\n<meta name=\"robots\" content=\"index, follow, max-snippet:-1, max-image-preview:large, max-video-preview:-1\" \/>\n<link rel=\"canonical\" href=\"https:\/\/www.creps-bordeaux.fr\/en\/feedback-on-the-questionnaire-creps-x-talence\/\" \/>\n<meta property=\"og:locale\" content=\"en_US\" \/>\n<meta property=\"og:type\" content=\"article\" \/>\n<meta property=\"og:title\" content=\"Feedback on the questionnaire | CREPS x Talence - CREPS Bordeaux\" \/>\n<meta property=\"og:description\" content=\"Did you take part in the CREPS Bordeaux questionnaire? Find out the answers. Do you know CREPS? &nbsp; \ud83d\udcac Additional information: Located in Talence, the Bordeaux CREPS (Centre de Ressources, d&#039;Expertise et de Performance Sportives) is a public establishment dedicated to expertise and sports performance. Its core business is threefold: Support for top-level athletes. To [&hellip;]\" \/>\n<meta property=\"og:url\" content=\"https:\/\/www.creps-bordeaux.fr\/en\/feedback-on-the-questionnaire-creps-x-talence\/\" \/>\n<meta property=\"og:site_name\" content=\"CREPS Bordeaux\" \/>\n<meta property=\"article:modified_time\" content=\"2025-04-21T08:40:01+00:00\" \/>\n<meta name=\"twitter:card\" content=\"summary_large_image\" \/>\n<meta name=\"twitter:label1\" content=\"Est. reading time\" \/>\n\t<meta name=\"twitter:data1\" content=\"7 minutes\" \/>\n<script type=\"application\/ld+json\" class=\"yoast-schema-graph\">{\"@context\":\"https:\\\/\\\/schema.org\",\"@graph\":[{\"@type\":\"WebPage\",\"@id\":\"https:\\\/\\\/www.creps-bordeaux.fr\\\/en\\\/feedback-on-the-questionnaire-creps-x-talence\\\/\",\"url\":\"https:\\\/\\\/www.creps-bordeaux.fr\\\/en\\\/feedback-on-the-questionnaire-creps-x-talence\\\/\",\"name\":\"Feedback on the questionnaire | CREPS x Talence - CREPS Bordeaux\",\"isPartOf\":{\"@id\":\"https:\\\/\\\/www.creps-bordeaux.fr\\\/en\\\/#website\"},\"datePublished\":\"2023-05-12T13:56:09+00:00\",\"dateModified\":\"2025-04-21T08:40:01+00:00\",\"breadcrumb\":{\"@id\":\"https:\\\/\\\/www.creps-bordeaux.fr\\\/en\\\/feedback-on-the-questionnaire-creps-x-talence\\\/#breadcrumb\"},\"inLanguage\":\"en-US\",\"potentialAction\":[{\"@type\":\"ReadAction\",\"target\":[\"https:\\\/\\\/www.creps-bordeaux.fr\\\/en\\\/feedback-on-the-questionnaire-creps-x-talence\\\/\"]}]},{\"@type\":\"BreadcrumbList\",\"@id\":\"https:\\\/\\\/www.creps-bordeaux.fr\\\/en\\\/feedback-on-the-questionnaire-creps-x-talence\\\/#breadcrumb\",\"itemListElement\":[{\"@type\":\"ListItem\",\"position\":1,\"name\":\"Accueil\",\"item\":\"https:\\\/\\\/www.creps-bordeaux.fr\\\/en\\\/\"},{\"@type\":\"ListItem\",\"position\":2,\"name\":\"Feedback on the questionnaire | CREPS x Talence\"}]},{\"@type\":\"WebSite\",\"@id\":\"https:\\\/\\\/www.creps-bordeaux.fr\\\/en\\\/#website\",\"url\":\"https:\\\/\\\/www.creps-bordeaux.fr\\\/en\\\/\",\"name\":\"CREPS Bordeaux\",\"description\":\"CREPS in Bordeaux: working alongside you at the heart of the region \",\"potentialAction\":[{\"@type\":\"SearchAction\",\"target\":{\"@type\":\"EntryPoint\",\"urlTemplate\":\"https:\\\/\\\/www.creps-bordeaux.fr\\\/en\\\/?s={search_term_string}\"},\"query-input\":{\"@type\":\"PropertyValueSpecification\",\"valueRequired\":true,\"valueName\":\"search_term_string\"}}],\"inLanguage\":\"en-US\"}]}<\/script>\n<!-- \/ Yoast SEO plugin. -->","yoast_head_json":{"title":"Feedback on the questionnaire | CREPS x Talence - CREPS Bordeaux","robots":{"index":"index","follow":"follow","max-snippet":"max-snippet:-1","max-image-preview":"max-image-preview:large","max-video-preview":"max-video-preview:-1"},"canonical":"https:\/\/www.creps-bordeaux.fr\/en\/feedback-on-the-questionnaire-creps-x-talence\/","og_locale":"en_US","og_type":"article","og_title":"Feedback on the questionnaire | CREPS x Talence - CREPS Bordeaux","og_description":"Did you take part in the CREPS Bordeaux questionnaire? Find out the answers. Do you know CREPS? &nbsp; \ud83d\udcac Additional information: Located in Talence, the Bordeaux CREPS (Centre de Ressources, d'Expertise et de Performance Sportives) is a public establishment dedicated to expertise and sports performance. Its core business is threefold: Support for top-level athletes. To [&hellip;]","og_url":"https:\/\/www.creps-bordeaux.fr\/en\/feedback-on-the-questionnaire-creps-x-talence\/","og_site_name":"CREPS Bordeaux","article_modified_time":"2025-04-21T08:40:01+00:00","twitter_card":"summary_large_image","twitter_misc":{"Est. reading time":"7 minutes"},"schema":{"@context":"https:\/\/schema.org","@graph":[{"@type":"WebPage","@id":"https:\/\/www.creps-bordeaux.fr\/en\/feedback-on-the-questionnaire-creps-x-talence\/","url":"https:\/\/www.creps-bordeaux.fr\/en\/feedback-on-the-questionnaire-creps-x-talence\/","name":"Feedback on the questionnaire | CREPS x Talence - CREPS Bordeaux","isPartOf":{"@id":"https:\/\/www.creps-bordeaux.fr\/en\/#website"},"datePublished":"2023-05-12T13:56:09+00:00","dateModified":"2025-04-21T08:40:01+00:00","breadcrumb":{"@id":"https:\/\/www.creps-bordeaux.fr\/en\/feedback-on-the-questionnaire-creps-x-talence\/#breadcrumb"},"inLanguage":"en-US","potentialAction":[{"@type":"ReadAction","target":["https:\/\/www.creps-bordeaux.fr\/en\/feedback-on-the-questionnaire-creps-x-talence\/"]}]},{"@type":"BreadcrumbList","@id":"https:\/\/www.creps-bordeaux.fr\/en\/feedback-on-the-questionnaire-creps-x-talence\/#breadcrumb","itemListElement":[{"@type":"ListItem","position":1,"name":"Accueil","item":"https:\/\/www.creps-bordeaux.fr\/en\/"},{"@type":"ListItem","position":2,"name":"Feedback on the questionnaire | CREPS x Talence"}]},{"@type":"WebSite","@id":"https:\/\/www.creps-bordeaux.fr\/en\/#website","url":"https:\/\/www.creps-bordeaux.fr\/en\/","name":"CREPS Bordeaux","description":"CREPS in Bordeaux: working alongside you at the heart of the region ","potentialAction":[{"@type":"SearchAction","target":{"@type":"EntryPoint","urlTemplate":"https:\/\/www.creps-bordeaux.fr\/en\/?s={search_term_string}"},"query-input":{"@type":"PropertyValueSpecification","valueRequired":true,"valueName":"search_term_string"}}],"inLanguage":"en-US"}]}},"_links":{"self":[{"href":"https:\/\/www.creps-bordeaux.fr\/en\/wp-json\/wp\/v2\/pages\/16134","targetHints":{"allow":["GET"]}}],"collection":[{"href":"https:\/\/www.creps-bordeaux.fr\/en\/wp-json\/wp\/v2\/pages"}],"about":[{"href":"https:\/\/www.creps-bordeaux.fr\/en\/wp-json\/wp\/v2\/types\/page"}],"author":[{"embeddable":true,"href":"https:\/\/www.creps-bordeaux.fr\/en\/wp-json\/wp\/v2\/users\/3"}],"replies":[{"embeddable":true,"href":"https:\/\/www.creps-bordeaux.fr\/en\/wp-json\/wp\/v2\/comments?post=16134"}],"version-history":[{"count":1,"href":"https:\/\/www.creps-bordeaux.fr\/en\/wp-json\/wp\/v2\/pages\/16134\/revisions"}],"predecessor-version":[{"id":16137,"href":"https:\/\/www.creps-bordeaux.fr\/en\/wp-json\/wp\/v2\/pages\/16134\/revisions\/16137"}],"wp:attachment":[{"href":"https:\/\/www.creps-bordeaux.fr\/en\/wp-json\/wp\/v2\/media?parent=16134"}],"curies":[{"name":"wp","href":"https:\/\/api.w.org\/{rel}","templated":true}]}}